{"id":2836,"date":"2021-01-22T11:39:44","date_gmt":"2021-01-22T10:39:44","guid":{"rendered":"https:\/\/gfmdcivilsociety.org\/staging\/9981\/?page_id=2836"},"modified":"2021-01-22T11:44:50","modified_gmt":"2021-01-22T10:44:50","slug":"re-watch-the-civil-society-preparatory-meeting-highlights","status":"publish","type":"page","link":"https:\/\/gfmdcivilsociety.org\/staging\/9981\/re-watch-the-civil-society-preparatory-meeting-highlights\/","title":{"rendered":"Re-watch the Civil Society Preparatory Meeting&#8217; highlights"},"content":{"rendered":"\n<h2 class=\"has-vivid-cyan-blue-color has-text-color wp-block-heading\">Civil Society Preparatory Meeting Day 1 &#8211; Opening Plenary<\/h2>\n\n\n\n<h4 class=\"wp-block-heading\">Time slot A<\/h4>\n\n\n\n<figure class=\"wp-block-embed is-type-video is-provider-youtube wp-block-embed-youtube wp-embed-aspect-16-9 wp-has-aspect-ratio\"><div class=\"wp-block-embed__wrapper\">\n<iframe title=\"GFMD Civil Society Preparatory Meeting Day1 - time slot A\" width=\"1080\" height=\"608\" src=\"https:\/\/www.youtube.com\/embed\/RcXnB53WfLg?feature=oembed\"  allow=\"accelerometer; autoplay; clipboard-write; encrypted-media; gyroscope; picture-in-picture; web-share\" referrerpolicy=\"strict-origin-when-cross-origin\" allowfullscreen><\/iframe>\n<\/div><\/figure>\n\n\n\n<h4 class=\"wp-block-heading\">Time slot B<\/h4>\n\n\n\n<figure class=\"wp-block-embed is-type-video is-provider-youtube wp-block-embed-youtube wp-embed-aspect-16-9 wp-has-aspect-ratio\"><div class=\"wp-block-embed__wrapper\">\n<iframe title=\"GFMD Civil Society Preparatory meeting Day 1- time slot B\" width=\"1080\" height=\"608\" src=\"https:\/\/www.youtube.com\/embed\/uZ_KVwQa1xA?feature=oembed\"  allow=\"accelerometer; autoplay; clipboard-write; encrypted-media; gyroscope; picture-in-picture; web-share\" referrerpolicy=\"strict-origin-when-cross-origin\" allowfullscreen><\/iframe>\n<\/div><\/figure>\n\n\n\n<h2 class=\"has-vivid-cyan-blue-color has-text-color wp-block-heading\">Re-watch the Civil Society Preparatory Meeting Day 4 &#8211; Closing Plenary<\/h2>\n\n\n\n<h4 class=\"wp-block-heading\">English<\/h4>\n\n\n\n<figure class=\"wp-block-embed is-type-video is-provider-youtube wp-block-embed-youtube wp-embed-aspect-16-9 wp-has-aspect-ratio\"><div class=\"wp-block-embed__wrapper\">\n<iframe title=\"2020 GFMD Civil Society Preparatory Meeting - Closing Plenary (ENG)\" width=\"1080\" height=\"608\" src=\"https:\/\/www.youtube.com\/embed\/IQnlkwOW6ds?feature=oembed\"  allow=\"accelerometer; autoplay; clipboard-write; encrypted-media; gyroscope; picture-in-picture; web-share\" referrerpolicy=\"strict-origin-when-cross-origin\" allowfullscreen><\/iframe>\n<\/div><\/figure>\n\n\n\n<h4 class=\"wp-block-heading\">Fran\u00e7ais<\/h4>\n\n\n\n<figure class=\"wp-block-embed is-type-video is-provider-youtube wp-block-embed-youtube wp-embed-aspect-16-9 wp-has-aspect-ratio\"><div class=\"wp-block-embed__wrapper\">\n<iframe title=\"R\u00e9union pr\u00e9paratoire de la soci\u00e9t\u00e9 civile du FMMD 2020 - Pl\u00e9ni\u00e8re de cl\u00f4ture (fran\u00e7ais)\" width=\"1080\" height=\"608\" src=\"https:\/\/www.youtube.com\/embed\/HpMjP7MbNKM?feature=oembed\"  allow=\"accelerometer; autoplay; clipboard-write; encrypted-media; gyroscope; picture-in-picture; web-share\" referrerpolicy=\"strict-origin-when-cross-origin\" allowfullscreen><\/iframe>\n<\/div><\/figure>\n\n\n\n<h4 class=\"wp-block-heading\">Espa\u00f1ol<\/h4>\n\n\n\n<figure class=\"wp-block-embed is-type-video is-provider-youtube wp-block-embed-youtube wp-embed-aspect-16-9 wp-has-aspect-ratio\"><div class=\"wp-block-embed__wrapper\">\n<iframe title=\"Reuni\u00f3n preparatoria de la sociedad civil del FMMD 2020 - Plenaria de cierre (espa\u00f1ol)\" width=\"1080\" height=\"608\" src=\"https:\/\/www.youtube.com\/embed\/CSvgABX_Gdg?feature=oembed\"  allow=\"accelerometer; autoplay; clipboard-write; encrypted-media; gyroscope; picture-in-picture; web-share\" referrerpolicy=\"strict-origin-when-cross-origin\" allowfullscreen><\/iframe>\n<\/div><\/figure>\n","protected":false},"excerpt":{"rendered":"<p>Civil Society Preparatory Meeting Day 1 &#8211; Opening Plenary Time slot A Time slot B Re-watch the Civil Society Preparatory Meeting Day 4 &#8211; Closing Plenary English Fran\u00e7ais Espa\u00f1ol<\/p>\n","protected":false},"author":2,"featured_media":0,"parent":0,"menu_order":0,"comment_status":"closed","ping_status":"closed","template":"","meta":{"nf_dc_page":"","_et_pb_use_builder":"","_et_pb_old_content":"","_et_gb_content_width":"","footnotes":""},"class_list":["post-2836","page","type-page","status-publish","hentry"],"yoast_head":"<!-- This site is optimized with the Yoast SEO plugin v27.4 - https:\/\/yoast.com\/product\/yoast-seo-wordpress\/ -->\n<title>Re-watch the Civil Society Preparatory Meeting&#039; highlights - GFMD Civil Society Mechanism<\/title>\n<meta name=\"robots\" content=\"index, follow, max-snippet:-1, max-image-preview:large, max-video-preview:-1\" \/>\n<link rel=\"canonical\" href=\"https:\/\/gfmdcivilsociety.org\/re-watch-the-civil-society-preparatory-meeting-highlights\/\" \/>\n<meta property=\"og:locale\" content=\"en_US\" \/>\n<meta property=\"og:type\" content=\"article\" \/>\n<meta property=\"og:title\" content=\"Re-watch the Civil Society Preparatory Meeting&#039; highlights - GFMD Civil Society Mechanism\" \/>\n<meta property=\"og:description\" content=\"Civil Society Preparatory Meeting Day 1 &#8211; Opening Plenary Time slot A Time slot B Re-watch the Civil Society Preparatory Meeting Day 4 &#8211; Closing Plenary English Fran\u00e7ais Espa\u00f1ol\" \/>\n<meta property=\"og:url\" content=\"https:\/\/gfmdcivilsociety.org\/re-watch-the-civil-society-preparatory-meeting-highlights\/\" \/>\n<meta property=\"og:site_name\" content=\"GFMD Civil Society Mechanism\" \/>\n<meta property=\"article:modified_time\" content=\"2021-01-22T10:44:50+00:00\" \/>\n<meta name=\"twitter:card\" content=\"summary_large_image\" \/>\n<script type=\"application\/ld+json\" class=\"yoast-schema-graph\">{\"@context\":\"https:\\\/\\\/schema.org\",\"@graph\":[{\"@type\":\"WebPage\",\"@id\":\"https:\\\/\\\/gfmdcivilsociety.org\\\/re-watch-the-civil-society-preparatory-meeting-highlights\\\/\",\"url\":\"https:\\\/\\\/gfmdcivilsociety.org\\\/re-watch-the-civil-society-preparatory-meeting-highlights\\\/\",\"name\":\"Re-watch the Civil Society Preparatory Meeting' highlights - GFMD Civil Society Mechanism\",\"isPartOf\":{\"@id\":\"https:\\\/\\\/gfmdcivilsociety.org\\\/#website\"},\"datePublished\":\"2021-01-22T10:39:44+00:00\",\"dateModified\":\"2021-01-22T10:44:50+00:00\",\"breadcrumb\":{\"@id\":\"https:\\\/\\\/gfmdcivilsociety.org\\\/re-watch-the-civil-society-preparatory-meeting-highlights\\\/#breadcrumb\"},\"inLanguage\":\"en-US\",\"potentialAction\":[{\"@type\":\"ReadAction\",\"target\":[\"https:\\\/\\\/gfmdcivilsociety.org\\\/re-watch-the-civil-society-preparatory-meeting-highlights\\\/\"]}]},{\"@type\":\"BreadcrumbList\",\"@id\":\"https:\\\/\\\/gfmdcivilsociety.org\\\/re-watch-the-civil-society-preparatory-meeting-highlights\\\/#breadcrumb\",\"itemListElement\":[{\"@type\":\"ListItem\",\"position\":1,\"name\":\"Home\",\"item\":\"https:\\\/\\\/gfmdcivilsociety.org\\\/staging\\\/9981\\\/\"},{\"@type\":\"ListItem\",\"position\":2,\"name\":\"Re-watch the Civil Society Preparatory Meeting&#8217; highlights\"}]},{\"@type\":\"WebSite\",\"@id\":\"https:\\\/\\\/gfmdcivilsociety.org\\\/#website\",\"url\":\"https:\\\/\\\/gfmdcivilsociety.org\\\/\",\"name\":\"GFMD Civil Society Mechanism\",\"description\":\"Civil Society engagement in the global forum on migration and development\",\"publisher\":{\"@id\":\"https:\\\/\\\/gfmdcivilsociety.org\\\/#organization\"},\"potentialAction\":[{\"@type\":\"SearchAction\",\"target\":{\"@type\":\"EntryPoint\",\"urlTemplate\":\"https:\\\/\\\/gfmdcivilsociety.org\\\/?s={search_term_string}\"},\"query-input\":{\"@type\":\"PropertyValueSpecification\",\"valueRequired\":true,\"valueName\":\"search_term_string\"}}],\"inLanguage\":\"en-US\"},{\"@type\":\"Organization\",\"@id\":\"https:\\\/\\\/gfmdcivilsociety.org\\\/#organization\",\"name\":\"GLOBAL FORUM ON MIGRATION AND DEVELOPMENT\",\"url\":\"https:\\\/\\\/gfmdcivilsociety.org\\\/\",\"logo\":{\"@type\":\"ImageObject\",\"inLanguage\":\"en-US\",\"@id\":\"https:\\\/\\\/gfmdcivilsociety.org\\\/#\\\/schema\\\/logo\\\/image\\\/\",\"url\":\"https:\\\/\\\/gfmdcivilsociety.org\\\/staging\\\/9981\\\/wp-content\\\/uploads\\\/2024\\\/12\\\/cropped-GFMD15-CSM_Logo-English_Transparent_Background.png\",\"contentUrl\":\"https:\\\/\\\/gfmdcivilsociety.org\\\/staging\\\/9981\\\/wp-content\\\/uploads\\\/2024\\\/12\\\/cropped-GFMD15-CSM_Logo-English_Transparent_Background.png\",\"width\":1811,\"height\":481,\"caption\":\"GLOBAL FORUM ON MIGRATION AND DEVELOPMENT\"},\"image\":{\"@id\":\"https:\\\/\\\/gfmdcivilsociety.org\\\/#\\\/schema\\\/logo\\\/image\\\/\"}}]}<\/script>\n<!-- \/ Yoast SEO plugin. -->","yoast_head_json":{"title":"Re-watch the Civil Society Preparatory Meeting' highlights - GFMD Civil Society Mechanism","robots":{"index":"index","follow":"follow","max-snippet":"max-snippet:-1","max-image-preview":"max-image-preview:large","max-video-preview":"max-video-preview:-1"},"canonical":"https:\/\/gfmdcivilsociety.org\/re-watch-the-civil-society-preparatory-meeting-highlights\/","og_locale":"en_US","og_type":"article","og_title":"Re-watch the Civil Society Preparatory Meeting' highlights - GFMD Civil Society Mechanism","og_description":"Civil Society Preparatory Meeting Day 1 &#8211; Opening Plenary Time slot A Time slot B Re-watch the Civil Society Preparatory Meeting Day 4 &#8211; Closing Plenary English Fran\u00e7ais Espa\u00f1ol","og_url":"https:\/\/gfmdcivilsociety.org\/re-watch-the-civil-society-preparatory-meeting-highlights\/","og_site_name":"GFMD Civil Society Mechanism","article_modified_time":"2021-01-22T10:44:50+00:00","twitter_card":"summary_large_image","schema":{"@context":"https:\/\/schema.org","@graph":[{"@type":"WebPage","@id":"https:\/\/gfmdcivilsociety.org\/re-watch-the-civil-society-preparatory-meeting-highlights\/","url":"https:\/\/gfmdcivilsociety.org\/re-watch-the-civil-society-preparatory-meeting-highlights\/","name":"Re-watch the Civil Society Preparatory Meeting' highlights - GFMD Civil Society Mechanism","isPartOf":{"@id":"https:\/\/gfmdcivilsociety.org\/#website"},"datePublished":"2021-01-22T10:39:44+00:00","dateModified":"2021-01-22T10:44:50+00:00","breadcrumb":{"@id":"https:\/\/gfmdcivilsociety.org\/re-watch-the-civil-society-preparatory-meeting-highlights\/#breadcrumb"},"inLanguage":"en-US","potentialAction":[{"@type":"ReadAction","target":["https:\/\/gfmdcivilsociety.org\/re-watch-the-civil-society-preparatory-meeting-highlights\/"]}]},{"@type":"BreadcrumbList","@id":"https:\/\/gfmdcivilsociety.org\/re-watch-the-civil-society-preparatory-meeting-highlights\/#breadcrumb","itemListElement":[{"@type":"ListItem","position":1,"name":"Home","item":"https:\/\/gfmdcivilsociety.org\/staging\/9981\/"},{"@type":"ListItem","position":2,"name":"Re-watch the Civil Society Preparatory Meeting&#8217; highlights"}]},{"@type":"WebSite","@id":"https:\/\/gfmdcivilsociety.org\/#website","url":"https:\/\/gfmdcivilsociety.org\/","name":"GFMD Civil Society Mechanism","description":"Civil Society engagement in the global forum on migration and development","publisher":{"@id":"https:\/\/gfmdcivilsociety.org\/#organization"},"potentialAction":[{"@type":"SearchAction","target":{"@type":"EntryPoint","urlTemplate":"https:\/\/gfmdcivilsociety.org\/?s={search_term_string}"},"query-input":{"@type":"PropertyValueSpecification","valueRequired":true,"valueName":"search_term_string"}}],"inLanguage":"en-US"},{"@type":"Organization","@id":"https:\/\/gfmdcivilsociety.org\/#organization","name":"GLOBAL FORUM ON MIGRATION AND DEVELOPMENT","url":"https:\/\/gfmdcivilsociety.org\/","logo":{"@type":"ImageObject","inLanguage":"en-US","@id":"https:\/\/gfmdcivilsociety.org\/#\/schema\/logo\/image\/","url":"https:\/\/gfmdcivilsociety.org\/staging\/9981\/wp-content\/uploads\/2024\/12\/cropped-GFMD15-CSM_Logo-English_Transparent_Background.png","contentUrl":"https:\/\/gfmdcivilsociety.org\/staging\/9981\/wp-content\/uploads\/2024\/12\/cropped-GFMD15-CSM_Logo-English_Transparent_Background.png","width":1811,"height":481,"caption":"GLOBAL FORUM ON MIGRATION AND DEVELOPMENT"},"image":{"@id":"https:\/\/gfmdcivilsociety.org\/#\/schema\/logo\/image\/"}}]}},"_links":{"self":[{"href":"https:\/\/gfmdcivilsociety.org\/staging\/9981\/wp-json\/wp\/v2\/pages\/2836","targetHints":{"allow":["GET"]}}],"collection":[{"href":"https:\/\/gfmdcivilsociety.org\/staging\/9981\/wp-json\/wp\/v2\/pages"}],"about":[{"href":"https:\/\/gfmdcivilsociety.org\/staging\/9981\/wp-json\/wp\/v2\/types\/page"}],"author":[{"embeddable":true,"href":"https:\/\/gfmdcivilsociety.org\/staging\/9981\/wp-json\/wp\/v2\/users\/2"}],"replies":[{"embeddable":true,"href":"https:\/\/gfmdcivilsociety.org\/staging\/9981\/wp-json\/wp\/v2\/comments?post=2836"}],"version-history":[{"count":0,"href":"https:\/\/gfmdcivilsociety.org\/staging\/9981\/wp-json\/wp\/v2\/pages\/2836\/revisions"}],"wp:attachment":[{"href":"https:\/\/gfmdcivilsociety.org\/staging\/9981\/wp-json\/wp\/v2\/media?parent=2836"}],"curies":[{"name":"wp","href":"https:\/\/api.w.org\/{rel}","templated":true}]}}